{"id":1584,"date":"2025-07-11T10:55:33","date_gmt":"2025-07-11T08:55:33","guid":{"rendered":"https:\/\/fleetgrid.dk\/?page_id=1584"},"modified":"2025-08-27T12:18:04","modified_gmt":"2025-08-27T10:18:04","slug":"partnere","status":"publish","type":"page","link":"https:\/\/fleetgrid.dk\/en\/partnere\/","title":{"rendered":"Partners"},"content":{"rendered":"\t\t<div data-elementor-type=\"wp-page\" data-elementor-id=\"1584\" class=\"elementor elementor-1584\" data-elementor-post-type=\"page\">\n\t\t\t\t<div class=\"elementor-element elementor-element-804589b e-flex e-con-boxed e-con e-parent\" data-id=\"804589b\" data-element_type=\"container\" data-e-type=\"container\" data-settings=\"{&quot;jet_parallax_layout_list&quot;:[],&quot;background_background&quot;:&quot;classic&quot;}\">\n\t\t\t\t\t<div class=\"e-con-inner\">\n\t\t<div class=\"elementor-element elementor-element-e426e2b e-con-full e-flex e-con e-child\" data-id=\"e426e2b\" data-element_type=\"container\" data-e-type=\"container\" data-settings=\"{&quot;jet_parallax_layout_list&quot;:[]}\">\n\t\t<div class=\"elementor-element elementor-element-095b6cd e-con-full e-flex elementor-invisible e-con e-child\" data-id=\"095b6cd\" data-element_type=\"container\" data-e-type=\"container\" data-settings=\"{&quot;jet_parallax_layout_list&quot;:[],&quot;animation&quot;:&quot;fadeIn&quot;,&quot;animation_delay&quot;:250}\">\n\t\t\t\t<div class=\"elementor-element elementor-element-d987466 elementor-widget elementor-widget-heading\" data-id=\"d987466\" data-element_type=\"widget\" data-e-type=\"widget\" data-widget_type=\"heading.default\">\n\t\t\t\t<div class=\"elementor-widget-container\">\n\t\t\t\t\t<h2 class=\"elementor-heading-title elementor-size-default\">Partnere<\/h2>\t\t\t\t<\/div>\n\t\t\t\t<\/div>\n\t\t\t\t<\/div>\n\t\t<div class=\"elementor-element elementor-element-0e225bb e-con-full e-flex elementor-invisible e-con e-child\" data-id=\"0e225bb\" data-element_type=\"container\" data-e-type=\"container\" data-settings=\"{&quot;jet_parallax_layout_list&quot;:[],&quot;animation&quot;:&quot;fadeInUp&quot;,&quot;animation_delay&quot;:250}\">\n\t\t\t\t<div class=\"elementor-element elementor-element-39f45bd elementor-widget elementor-widget-heading\" data-id=\"39f45bd\" data-element_type=\"widget\" data-e-type=\"widget\" data-widget_type=\"heading.default\">\n\t\t\t\t<div class=\"elementor-widget-container\">\n\t\t\t\t\t<h1 class=\"elementor-heading-title elementor-size-default\">Samarbejde er kernen i FleetGrids l\u00f8sning <\/h1>\t\t\t\t<\/div>\n\t\t\t\t<\/div>\n\t\t\t\t<div class=\"elementor-element elementor-element-8a0c457 elementor-widget elementor-widget-text-editor\" data-id=\"8a0c457\" data-element_type=\"widget\" data-e-type=\"widget\" data-widget_type=\"text-editor.default\">\n\t\t\t\t<div class=\"elementor-widget-container\">\n\t\t\t\t\t\t\t\t\t<p>FleetGrid er ikke kun en teknisk platform, men et partnerskab mellem n\u00f8je udvalgte akt\u00f8rer med ekspertise inden for installation, drift, teknologi og finansiering. Sammen leverer vi en komplet, skalerbar og p\u00e5lidelig ladel\u00f8sning til virksomheder i transportsektoren.<\/p><p>Vi tror p\u00e5 langsigtede relationer og samarbejde baseret p\u00e5 tillid, kvalitet og f\u00e6lles m\u00e5l: <strong>At g\u00f8re det nemt og risikofrit at v\u00e6lge gr\u00f8n transport.<\/strong><\/p>\t\t\t\t\t\t\t\t<\/div>\n\t\t\t\t<\/div>\n\t\t\t\t<\/div>\n\t\t\t\t<\/div>\n\t\t<div class=\"elementor-element elementor-element-fd50229 e-con-full e-transform e-flex elementor-invisible e-con e-child\" data-id=\"fd50229\" data-element_type=\"container\" data-e-type=\"container\" data-settings=\"{&quot;jet_parallax_layout_list&quot;:[],&quot;background_background&quot;:&quot;classic&quot;,&quot;animation&quot;:&quot;fadeInUp&quot;,&quot;animation_delay&quot;:500,&quot;_transform_translateX_effect&quot;:{&quot;unit&quot;:&quot;px&quot;,&quot;size&quot;:&quot;&quot;,&quot;sizes&quot;:[]},&quot;_transform_translateX_effect_tablet&quot;:{&quot;unit&quot;:&quot;px&quot;,&quot;size&quot;:&quot;&quot;,&quot;sizes&quot;:[]},&quot;_transform_translateX_effect_mobile&quot;:{&quot;unit&quot;:&quot;px&quot;,&quot;size&quot;:&quot;&quot;,&quot;sizes&quot;:[]},&quot;_transform_translateY_effect&quot;:{&quot;unit&quot;:&quot;px&quot;,&quot;size&quot;:&quot;&quot;,&quot;sizes&quot;:[]},&quot;_transform_translateY_effect_tablet&quot;:{&quot;unit&quot;:&quot;px&quot;,&quot;size&quot;:&quot;&quot;,&quot;sizes&quot;:[]},&quot;_transform_translateY_effect_mobile&quot;:{&quot;unit&quot;:&quot;px&quot;,&quot;size&quot;:&quot;&quot;,&quot;sizes&quot;:[]}}\">\n\t\t\t\t<\/div>\n\t\t\t\t\t<\/div>\n\t\t\t\t<\/div>\n\t\t<div class=\"elementor-element elementor-element-687dc80 e-con-full e-flex e-con e-parent\" data-id=\"687dc80\" data-element_type=\"container\" data-e-type=\"container\" data-settings=\"{&quot;jet_parallax_layout_list&quot;:[],&quot;background_background&quot;:&quot;classic&quot;}\">\n\t\t<div class=\"elementor-element elementor-element-8925d9f e-con-full e-flex elementor-invisible e-con e-child\" data-id=\"8925d9f\" data-element_type=\"container\" data-e-type=\"container\" data-settings=\"{&quot;jet_parallax_layout_list&quot;:[],&quot;animation&quot;:&quot;fadeIn&quot;,&quot;animation_delay&quot;:250}\">\n\t\t<div class=\"elementor-element elementor-element-ee543c1 e-con-full e-flex e-con e-child\" data-id=\"ee543c1\" data-element_type=\"container\" data-e-type=\"container\" data-settings=\"{&quot;jet_parallax_layout_list&quot;:[]}\">\n\t\t\t\t<div class=\"elementor-element elementor-element-b64bbba elementor-widget elementor-widget-heading\" data-id=\"b64bbba\" data-element_type=\"widget\" data-e-type=\"widget\" data-widget_type=\"heading.default\">\n\t\t\t\t<div class=\"elementor-widget-container\">\n\t\t\t\t\t<h5 class=\"elementor-heading-title elementor-size-default\">Vores samarbejdspartnere<\/h5>\t\t\t\t<\/div>\n\t\t\t\t<\/div>\n\t\t\t\t<div class=\"elementor-element elementor-element-bfb3cbc elementor-widget__width-initial elementor-widget elementor-widget-heading\" data-id=\"bfb3cbc\" data-element_type=\"widget\" data-e-type=\"widget\" data-widget_type=\"heading.default\">\n\t\t\t\t<div class=\"elementor-widget-container\">\n\t\t\t\t\t<h2 class=\"elementor-heading-title elementor-size-default\">St\u00e6rke samarbejder skaber st\u00e6rke l\u00f8sninger<\/h2>\t\t\t\t<\/div>\n\t\t\t\t<\/div>\n\t\t\t\t<\/div>\n\t\t\t\t<\/div>\n\t\t<div class=\"elementor-element elementor-element-ea88615 e-con-full e-transform e-flex elementor-invisible e-con e-child\" data-id=\"ea88615\" data-element_type=\"container\" data-e-type=\"container\" data-settings=\"{&quot;jet_parallax_layout_list&quot;:[],&quot;animation&quot;:&quot;fadeInUp&quot;,&quot;animation_delay&quot;:250,&quot;_transform_translateX_effect&quot;:{&quot;unit&quot;:&quot;px&quot;,&quot;size&quot;:&quot;&quot;,&quot;sizes&quot;:[]},&quot;_transform_translateX_effect_tablet&quot;:{&quot;unit&quot;:&quot;px&quot;,&quot;size&quot;:&quot;&quot;,&quot;sizes&quot;:[]},&quot;_transform_translateX_effect_mobile&quot;:{&quot;unit&quot;:&quot;px&quot;,&quot;size&quot;:&quot;&quot;,&quot;sizes&quot;:[]},&quot;_transform_translateY_effect&quot;:{&quot;unit&quot;:&quot;px&quot;,&quot;size&quot;:&quot;&quot;,&quot;sizes&quot;:[]},&quot;_transform_translateY_effect_tablet&quot;:{&quot;unit&quot;:&quot;px&quot;,&quot;size&quot;:&quot;&quot;,&quot;sizes&quot;:[]},&quot;_transform_translateY_effect_mobile&quot;:{&quot;unit&quot;:&quot;px&quot;,&quot;size&quot;:&quot;&quot;,&quot;sizes&quot;:[]}}\">\n\t\t\t\t<div class=\"elementor-element elementor-element-a26dad6 elementor-widget elementor-widget-n-carousel\" data-id=\"a26dad6\" data-element_type=\"widget\" data-e-type=\"widget\" data-settings=\"{&quot;carousel_items&quot;:[{&quot;slide_title&quot;:&quot;Slide #1&quot;,&quot;_id&quot;:&quot;677c786&quot;},{&quot;slide_title&quot;:&quot;Slide #2&quot;,&quot;_id&quot;:&quot;9a7b360&quot;},{&quot;slide_title&quot;:&quot;Slide #2&quot;,&quot;_id&quot;:&quot;86c4035&quot;},{&quot;slide_title&quot;:&quot;Slide #2&quot;,&quot;_id&quot;:&quot;8f31113&quot;}],&quot;slides_to_show&quot;:&quot;6&quot;,&quot;slides_to_scroll&quot;:&quot;1&quot;,&quot;autoplay_speed&quot;:0,&quot;speed&quot;:5200,&quot;image_spacing_custom&quot;:{&quot;unit&quot;:&quot;px&quot;,&quot;size&quot;:20,&quot;sizes&quot;:[]},&quot;slides_to_show_tablet&quot;:&quot;4&quot;,&quot;slides_to_show_mobile&quot;:&quot;3&quot;,&quot;slides_to_scroll_tablet&quot;:&quot;1&quot;,&quot;slides_to_scroll_mobile&quot;:&quot;1&quot;,&quot;image_spacing_custom_tablet&quot;:{&quot;unit&quot;:&quot;px&quot;,&quot;size&quot;:15,&quot;sizes&quot;:[]},&quot;image_spacing_custom_mobile&quot;:{&quot;unit&quot;:&quot;px&quot;,&quot;size&quot;:10,&quot;sizes&quot;:[]},&quot;autoplay&quot;:&quot;yes&quot;,&quot;infinite&quot;:&quot;yes&quot;,&quot;offset_sides&quot;:&quot;none&quot;}\" data-widget_type=\"nested-carousel.default\">\n\t\t\t\t<div class=\"elementor-widget-container\">\n\t\t\t\t\t\t\t<div class=\"e-n-carousel swiper\" role=\"region\" aria-roledescription=\"carousel\" aria-label=\"Karrussel\" dir=\"ltr\">\n\t\t\t<div class=\"swiper-wrapper\" aria-live=\"off\">\n\t\t\t\t\t\t\t\t\t\t<div class=\"swiper-slide\" data-slide=\"1\" role=\"group\" aria-roledescription=\"slide\" aria-label=\"1 of 4\">\n\t\t\t\t\t\t\t<div class=\"elementor-element elementor-element-8cc4498 e-flex e-con-boxed e-con e-child\" data-id=\"8cc4498\" data-element_type=\"container\" data-e-type=\"container\" data-settings=\"{&quot;jet_parallax_layout_list&quot;:[]}\">\n\t\t\t\t\t<div class=\"e-con-inner\">\n\t\t<div class=\"elementor-element elementor-element-16aa567 e-con-full e-flex e-con e-child\" data-id=\"16aa567\" data-element_type=\"container\" data-e-type=\"container\" data-settings=\"{&quot;background_background&quot;:&quot;classic&quot;,&quot;jet_parallax_layout_list&quot;:[]}\">\n\t\t\t\t<div class=\"elementor-element elementor-element-c04d2eb elementor-widget elementor-widget-image\" data-id=\"c04d2eb\" data-element_type=\"widget\" data-e-type=\"widget\" data-widget_type=\"image.default\">\n\t\t\t\t<div class=\"elementor-widget-container\">\n\t\t\t\t\t\t\t\t\t\t\t\t\t\t\t<img fetchpriority=\"high\" decoding=\"async\" width=\"351\" height=\"144\" src=\"https:\/\/fleetgrid.dk\/wp-content\/uploads\/OK-Logo.png\" class=\"attachment-large size-large wp-image-3189\" alt=\"\" srcset=\"https:\/\/fleetgrid.dk\/wp-content\/uploads\/OK-Logo.png 351w, https:\/\/fleetgrid.dk\/wp-content\/uploads\/OK-Logo-300x123.png 300w\" sizes=\"(max-width: 351px) 100vw, 351px\" \/>\t\t\t\t\t\t\t\t\t\t\t\t\t\t\t<\/div>\n\t\t\t\t<\/div>\n\t\t\t\t<\/div>\n\t\t\t\t\t<\/div>\n\t\t\t\t<\/div>\n\t\t\t\t\t\t\t\t<\/div>\n\t\t\t\t\t\t\t\t\t\t\t<div class=\"swiper-slide\" data-slide=\"2\" role=\"group\" aria-roledescription=\"slide\" aria-label=\"2 of 4\">\n\t\t\t\t\t\t\t<div class=\"elementor-element elementor-element-ce1e8e3 e-flex e-con-boxed e-con e-child\" data-id=\"ce1e8e3\" data-element_type=\"container\" data-e-type=\"container\" data-settings=\"{&quot;jet_parallax_layout_list&quot;:[]}\">\n\t\t\t\t\t<div class=\"e-con-inner\">\n\t\t<div class=\"elementor-element elementor-element-3add306 e-con-full e-flex e-con e-child\" data-id=\"3add306\" data-element_type=\"container\" data-e-type=\"container\" data-settings=\"{&quot;background_background&quot;:&quot;classic&quot;,&quot;jet_parallax_layout_list&quot;:[]}\">\n\t\t\t\t<div class=\"elementor-element elementor-element-3e8da59 elementor-widget elementor-widget-image\" data-id=\"3e8da59\" data-element_type=\"widget\" data-e-type=\"widget\" data-widget_type=\"image.default\">\n\t\t\t\t<div class=\"elementor-widget-container\">\n\t\t\t\t\t\t\t\t\t\t\t\t\t\t\t<img decoding=\"async\" width=\"481\" height=\"105\" src=\"https:\/\/fleetgrid.dk\/wp-content\/uploads\/GodEnergi-Logo.png\" class=\"attachment-large size-large wp-image-3188\" alt=\"\" srcset=\"https:\/\/fleetgrid.dk\/wp-content\/uploads\/GodEnergi-Logo.png 481w, https:\/\/fleetgrid.dk\/wp-content\/uploads\/GodEnergi-Logo-300x65.png 300w\" sizes=\"(max-width: 481px) 100vw, 481px\" \/>\t\t\t\t\t\t\t\t\t\t\t\t\t\t\t<\/div>\n\t\t\t\t<\/div>\n\t\t\t\t<\/div>\n\t\t\t\t\t<\/div>\n\t\t\t\t<\/div>\n\t\t\t\t\t\t\t\t<\/div>\n\t\t\t\t\t\t\t\t\t\t\t<div class=\"swiper-slide\" data-slide=\"3\" role=\"group\" aria-roledescription=\"slide\" aria-label=\"3 of 4\">\n\t\t\t\t\t\t\t<div class=\"elementor-element elementor-element-cdb20e3 e-flex e-con-boxed e-con e-child\" data-id=\"cdb20e3\" data-element_type=\"container\" data-e-type=\"container\" data-settings=\"{&quot;jet_parallax_layout_list&quot;:[]}\">\n\t\t\t\t\t<div class=\"e-con-inner\">\n\t\t<div class=\"elementor-element elementor-element-fef1fac e-con-full e-flex e-con e-child\" data-id=\"fef1fac\" data-element_type=\"container\" data-e-type=\"container\" data-settings=\"{&quot;background_background&quot;:&quot;classic&quot;,&quot;jet_parallax_layout_list&quot;:[]}\">\n\t\t\t\t<div class=\"elementor-element elementor-element-eb1315b elementor-widget elementor-widget-image\" data-id=\"eb1315b\" data-element_type=\"widget\" data-e-type=\"widget\" data-widget_type=\"image.default\">\n\t\t\t\t<div class=\"elementor-widget-container\">\n\t\t\t\t\t\t\t\t\t\t\t\t\t\t\t<img decoding=\"async\" width=\"347\" height=\"158\" src=\"https:\/\/fleetgrid.dk\/wp-content\/uploads\/Spirii-Logo.png\" class=\"attachment-large size-large wp-image-3907\" alt=\"\" srcset=\"https:\/\/fleetgrid.dk\/wp-content\/uploads\/Spirii-Logo.png 347w, https:\/\/fleetgrid.dk\/wp-content\/uploads\/Spirii-Logo-300x137.png 300w\" sizes=\"(max-width: 347px) 100vw, 347px\" \/>\t\t\t\t\t\t\t\t\t\t\t\t\t\t\t<\/div>\n\t\t\t\t<\/div>\n\t\t\t\t<\/div>\n\t\t\t\t\t<\/div>\n\t\t\t\t<\/div>\n\t\t\t\t\t\t\t\t<\/div>\n\t\t\t\t\t\t\t\t\t\t\t<div class=\"swiper-slide\" data-slide=\"4\" role=\"group\" aria-roledescription=\"slide\" aria-label=\"4 of 4\">\n\t\t\t\t\t\t\t<div class=\"elementor-element elementor-element-658e402 e-flex e-con-boxed e-con e-child\" data-id=\"658e402\" data-element_type=\"container\" data-e-type=\"container\" data-settings=\"{&quot;jet_parallax_layout_list&quot;:[]}\">\n\t\t\t\t\t<div class=\"e-con-inner\">\n\t\t<div class=\"elementor-element elementor-element-622a73f e-con-full e-flex e-con e-child\" data-id=\"622a73f\" data-element_type=\"container\" data-e-type=\"container\" data-settings=\"{&quot;background_background&quot;:&quot;classic&quot;,&quot;jet_parallax_layout_list&quot;:[]}\">\n\t\t\t\t<div class=\"elementor-element elementor-element-fcfdadf elementor-widget elementor-widget-image\" data-id=\"fcfdadf\" data-element_type=\"widget\" data-e-type=\"widget\" data-widget_type=\"image.default\">\n\t\t\t\t<div class=\"elementor-widget-container\">\n\t\t\t\t\t\t\t\t\t\t\t\t\t\t\t<img loading=\"lazy\" decoding=\"async\" width=\"800\" height=\"152\" src=\"https:\/\/fleetgrid.dk\/wp-content\/uploads\/KemPower-Logo-1024x195.png\" class=\"attachment-large size-large wp-image-3906\" alt=\"\" srcset=\"https:\/\/fleetgrid.dk\/wp-content\/uploads\/KemPower-Logo-1024x195.png 1024w, https:\/\/fleetgrid.dk\/wp-content\/uploads\/KemPower-Logo-300x57.png 300w, https:\/\/fleetgrid.dk\/wp-content\/uploads\/KemPower-Logo-768x147.png 768w, https:\/\/fleetgrid.dk\/wp-content\/uploads\/KemPower-Logo.png 1200w\" sizes=\"(max-width: 800px) 100vw, 800px\" \/>\t\t\t\t\t\t\t\t\t\t\t\t\t\t\t<\/div>\n\t\t\t\t<\/div>\n\t\t\t\t<\/div>\n\t\t\t\t\t<\/div>\n\t\t\t\t<\/div>\n\t\t\t\t\t\t\t\t<\/div>\n\t\t\t\t\t\t\t\t<\/div>\n\t\t<\/div>\n\t\t\t\t\t\t<\/div>\n\t\t\t\t<\/div>\n\t\t\t\t<\/div>\n\t\t\t\t<\/div>\n\t\t<div class=\"elementor-element elementor-element-2b0b5e1 e-con-full e-flex e-con e-parent\" data-id=\"2b0b5e1\" data-element_type=\"container\" data-e-type=\"container\" data-settings=\"{&quot;jet_parallax_layout_list&quot;:[],&quot;background_background&quot;:&quot;classic&quot;}\">\n\t\t<div class=\"elementor-element elementor-element-06869db e-con-full e-flex e-con e-child\" data-id=\"06869db\" data-element_type=\"container\" data-e-type=\"container\" data-settings=\"{&quot;jet_parallax_layout_list&quot;:[]}\">\n\t\t<div class=\"elementor-element elementor-element-db925fe e-con-full e-flex e-con e-child\" data-id=\"db925fe\" data-element_type=\"container\" data-e-type=\"container\" data-settings=\"{&quot;jet_parallax_layout_list&quot;:[]}\">\n\t\t\t\t<div class=\"elementor-element elementor-element-a0b8f4f elementor-invisible elementor-widget elementor-widget-heading\" data-id=\"a0b8f4f\" data-element_type=\"widget\" data-e-type=\"widget\" data-settings=\"{&quot;_animation&quot;:&quot;fadeIn&quot;,&quot;_animation_delay&quot;:250}\" data-widget_type=\"heading.default\">\n\t\t\t\t<div class=\"elementor-widget-container\">\n\t\t\t\t\t<h5 class=\"elementor-heading-title elementor-size-default\">Bliv partner med FleetGrid<\/h5>\t\t\t\t<\/div>\n\t\t\t\t<\/div>\n\t\t\t\t<div class=\"elementor-element elementor-element-6b6b702 elementor-widget__width-initial elementor-invisible elementor-widget elementor-widget-heading\" data-id=\"6b6b702\" data-element_type=\"widget\" data-e-type=\"widget\" data-settings=\"{&quot;_animation&quot;:&quot;fadeIn&quot;,&quot;_animation_delay&quot;:250}\" data-widget_type=\"heading.default\">\n\t\t\t\t<div class=\"elementor-widget-container\">\n\t\t\t\t\t<h2 class=\"elementor-heading-title elementor-size-default\">Interesseret i partnerskab? Vi vil gerne h\u00f8re fra dig<\/h2>\t\t\t\t<\/div>\n\t\t\t\t<\/div>\n\t\t\t\t<\/div>\n\t\t\t\t<div class=\"elementor-element elementor-element-0a397b8 elementor-align-center e-transform elementor-invisible elementor-widget elementor-widget-button\" data-id=\"0a397b8\" data-element_type=\"widget\" data-e-type=\"widget\" data-settings=\"{&quot;_transform_scale_effect_hover&quot;:{&quot;unit&quot;:&quot;px&quot;,&quot;size&quot;:1.05,&quot;sizes&quot;:[]},&quot;_animation&quot;:&quot;fadeInUp&quot;,&quot;_animation_delay&quot;:250,&quot;_transform_scale_effect_hover_tablet&quot;:{&quot;unit&quot;:&quot;px&quot;,&quot;size&quot;:&quot;&quot;,&quot;sizes&quot;:[]},&quot;_transform_scale_effect_hover_mobile&quot;:{&quot;unit&quot;:&quot;px&quot;,&quot;size&quot;:&quot;&quot;,&quot;sizes&quot;:[]}}\" data-widget_type=\"button.default\">\n\t\t\t\t<div class=\"elementor-widget-container\">\n\t\t\t\t\t\t\t\t\t<div class=\"elementor-button-wrapper\">\n\t\t\t\t\t<a class=\"elementor-button elementor-button-link elementor-size-sm\" href=\"https:\/\/fleetgrid.dk\/en\/kontakt-os\/\">\n\t\t\t\t\t\t<span class=\"elementor-button-content-wrapper\">\n\t\t\t\t\t\t\t\t\t<span class=\"elementor-button-text\">Lad os tage en snak<\/span>\n\t\t\t\t\t<\/span>\n\t\t\t\t\t<\/a>\n\t\t\t\t<\/div>\n\t\t\t\t\t\t\t\t<\/div>\n\t\t\t\t<\/div>\n\t\t\t\t<\/div>\n\t\t\t\t<\/div>\n\t\t\t\t<\/div>\n\t\t","protected":false},"excerpt":{"rendered":"<p>Partnere Samarbejde er kernen i FleetGrids l\u00f8sning FleetGrid er ikke kun en teknisk platform, men et partnerskab mellem n\u00f8je udvalgte akt\u00f8rer med ekspertise inden for installation, drift, teknologi og finansiering. Sammen leverer vi en komplet, skalerbar og p\u00e5lidelig ladel\u00f8sning til virksomheder i transportsektoren. Vi tror p\u00e5 langsigtede relationer og samarbejde baseret p\u00e5 tillid, kvalitet og [&hellip;]<\/p>\n","protected":false},"author":1,"featured_media":0,"parent":0,"menu_order":0,"comment_status":"closed","ping_status":"closed","template":"","meta":{"footnotes":""},"class_list":["post-1584","page","type-page","status-publish","hentry"],"yoast_head":"<!-- This site is optimized with the Yoast SEO plugin v27.5 - https:\/\/yoast.com\/product\/yoast-seo-wordpress\/ -->\n<title>Partnere - FleetGrid<\/title>\n<meta name=\"robots\" content=\"index, follow, max-snippet:-1, max-image-preview:large, max-video-preview:-1\" \/>\n<link rel=\"canonical\" href=\"https:\/\/fleetgrid.dk\/en\/partnere\/\" \/>\n<meta property=\"og:locale\" content=\"en_GB\" \/>\n<meta property=\"og:type\" content=\"article\" \/>\n<meta property=\"og:title\" content=\"Partnere - FleetGrid\" \/>\n<meta property=\"og:description\" content=\"Partnere Samarbejde er kernen i FleetGrids l\u00f8sning FleetGrid er ikke kun en teknisk platform, men et partnerskab mellem n\u00f8je udvalgte akt\u00f8rer med ekspertise inden for installation, drift, teknologi og finansiering. Sammen leverer vi en komplet, skalerbar og p\u00e5lidelig ladel\u00f8sning til virksomheder i transportsektoren. Vi tror p\u00e5 langsigtede relationer og samarbejde baseret p\u00e5 tillid, kvalitet og [&hellip;]\" \/>\n<meta property=\"og:url\" content=\"https:\/\/fleetgrid.dk\/en\/partnere\/\" \/>\n<meta property=\"og:site_name\" content=\"FleetGrid\" \/>\n<meta property=\"article:modified_time\" content=\"2025-08-27T10:18:04+00:00\" \/>\n<meta property=\"og:image\" content=\"https:\/\/fleetgrid.dk\/wp-content\/uploads\/OK-Logo.png\" \/>\n\t<meta property=\"og:image:width\" content=\"351\" \/>\n\t<meta property=\"og:image:height\" content=\"144\" \/>\n\t<meta property=\"og:image:type\" content=\"image\/png\" \/>\n<meta name=\"twitter:card\" content=\"summary_large_image\" \/>\n<meta name=\"twitter:label1\" content=\"Estimated reading time\" \/>\n\t<meta name=\"twitter:data1\" content=\"3 minutes\" \/>\n<script type=\"application\/ld+json\" class=\"yoast-schema-graph\">{\"@context\":\"https:\\\/\\\/schema.org\",\"@graph\":[{\"@type\":\"WebPage\",\"@id\":\"https:\\\/\\\/fleetgrid.dk\\\/partnere\\\/\",\"url\":\"https:\\\/\\\/fleetgrid.dk\\\/partnere\\\/\",\"name\":\"Partnere - FleetGrid\",\"isPartOf\":{\"@id\":\"https:\\\/\\\/fleetgrid.dk\\\/#website\"},\"primaryImageOfPage\":{\"@id\":\"https:\\\/\\\/fleetgrid.dk\\\/partnere\\\/#primaryimage\"},\"image\":{\"@id\":\"https:\\\/\\\/fleetgrid.dk\\\/partnere\\\/#primaryimage\"},\"thumbnailUrl\":\"https:\\\/\\\/fleetgrid.dk\\\/wp-content\\\/uploads\\\/OK-Logo.png\",\"datePublished\":\"2025-07-11T08:55:33+00:00\",\"dateModified\":\"2025-08-27T10:18:04+00:00\",\"inLanguage\":\"en-GB\",\"potentialAction\":[{\"@type\":\"ReadAction\",\"target\":[\"https:\\\/\\\/fleetgrid.dk\\\/partnere\\\/\"]}]},{\"@type\":\"ImageObject\",\"inLanguage\":\"en-GB\",\"@id\":\"https:\\\/\\\/fleetgrid.dk\\\/partnere\\\/#primaryimage\",\"url\":\"https:\\\/\\\/fleetgrid.dk\\\/wp-content\\\/uploads\\\/OK-Logo.png\",\"contentUrl\":\"https:\\\/\\\/fleetgrid.dk\\\/wp-content\\\/uploads\\\/OK-Logo.png\"},{\"@type\":\"WebSite\",\"@id\":\"https:\\\/\\\/fleetgrid.dk\\\/#website\",\"url\":\"https:\\\/\\\/fleetgrid.dk\\\/\",\"name\":\"FleetGrid\",\"description\":\"\",\"publisher\":{\"@id\":\"https:\\\/\\\/fleetgrid.dk\\\/#organization\"},\"potentialAction\":[{\"@type\":\"SearchAction\",\"target\":{\"@type\":\"EntryPoint\",\"urlTemplate\":\"https:\\\/\\\/fleetgrid.dk\\\/?s={search_term_string}\"},\"query-input\":{\"@type\":\"PropertyValueSpecification\",\"valueRequired\":true,\"valueName\":\"search_term_string\"}}],\"inLanguage\":\"en-GB\"},{\"@type\":\"Organization\",\"@id\":\"https:\\\/\\\/fleetgrid.dk\\\/#organization\",\"name\":\"FleetGrid\",\"url\":\"https:\\\/\\\/fleetgrid.dk\\\/\",\"logo\":{\"@type\":\"ImageObject\",\"inLanguage\":\"en-GB\",\"@id\":\"https:\\\/\\\/fleetgrid.dk\\\/#\\\/schema\\\/logo\\\/image\\\/\",\"url\":\"https:\\\/\\\/fleetgrid.dk\\\/wp-content\\\/uploads\\\/Design-uden-navn-3-1-scaled.png\",\"contentUrl\":\"https:\\\/\\\/fleetgrid.dk\\\/wp-content\\\/uploads\\\/Design-uden-navn-3-1-scaled.png\",\"width\":2048,\"height\":391,\"caption\":\"FleetGrid\"},\"image\":{\"@id\":\"https:\\\/\\\/fleetgrid.dk\\\/#\\\/schema\\\/logo\\\/image\\\/\"}}]}<\/script>\n<!-- \/ Yoast SEO plugin. -->","yoast_head_json":{"title":"Partnere - FleetGrid","robots":{"index":"index","follow":"follow","max-snippet":"max-snippet:-1","max-image-preview":"max-image-preview:large","max-video-preview":"max-video-preview:-1"},"canonical":"https:\/\/fleetgrid.dk\/en\/partnere\/","og_locale":"en_GB","og_type":"article","og_title":"Partnere - FleetGrid","og_description":"Partnere Samarbejde er kernen i FleetGrids l\u00f8sning FleetGrid er ikke kun en teknisk platform, men et partnerskab mellem n\u00f8je udvalgte akt\u00f8rer med ekspertise inden for installation, drift, teknologi og finansiering. Sammen leverer vi en komplet, skalerbar og p\u00e5lidelig ladel\u00f8sning til virksomheder i transportsektoren. Vi tror p\u00e5 langsigtede relationer og samarbejde baseret p\u00e5 tillid, kvalitet og [&hellip;]","og_url":"https:\/\/fleetgrid.dk\/en\/partnere\/","og_site_name":"FleetGrid","article_modified_time":"2025-08-27T10:18:04+00:00","og_image":[{"width":351,"height":144,"url":"https:\/\/fleetgrid.dk\/wp-content\/uploads\/OK-Logo.png","type":"image\/png"}],"twitter_card":"summary_large_image","twitter_misc":{"Estimated reading time":"3 minutes"},"schema":{"@context":"https:\/\/schema.org","@graph":[{"@type":"WebPage","@id":"https:\/\/fleetgrid.dk\/partnere\/","url":"https:\/\/fleetgrid.dk\/partnere\/","name":"Partnere - FleetGrid","isPartOf":{"@id":"https:\/\/fleetgrid.dk\/#website"},"primaryImageOfPage":{"@id":"https:\/\/fleetgrid.dk\/partnere\/#primaryimage"},"image":{"@id":"https:\/\/fleetgrid.dk\/partnere\/#primaryimage"},"thumbnailUrl":"https:\/\/fleetgrid.dk\/wp-content\/uploads\/OK-Logo.png","datePublished":"2025-07-11T08:55:33+00:00","dateModified":"2025-08-27T10:18:04+00:00","inLanguage":"en-GB","potentialAction":[{"@type":"ReadAction","target":["https:\/\/fleetgrid.dk\/partnere\/"]}]},{"@type":"ImageObject","inLanguage":"en-GB","@id":"https:\/\/fleetgrid.dk\/partnere\/#primaryimage","url":"https:\/\/fleetgrid.dk\/wp-content\/uploads\/OK-Logo.png","contentUrl":"https:\/\/fleetgrid.dk\/wp-content\/uploads\/OK-Logo.png"},{"@type":"WebSite","@id":"https:\/\/fleetgrid.dk\/#website","url":"https:\/\/fleetgrid.dk\/","name":"FleetGrid","description":"","publisher":{"@id":"https:\/\/fleetgrid.dk\/#organization"},"potentialAction":[{"@type":"SearchAction","target":{"@type":"EntryPoint","urlTemplate":"https:\/\/fleetgrid.dk\/?s={search_term_string}"},"query-input":{"@type":"PropertyValueSpecification","valueRequired":true,"valueName":"search_term_string"}}],"inLanguage":"en-GB"},{"@type":"Organization","@id":"https:\/\/fleetgrid.dk\/#organization","name":"FleetGrid","url":"https:\/\/fleetgrid.dk\/","logo":{"@type":"ImageObject","inLanguage":"en-GB","@id":"https:\/\/fleetgrid.dk\/#\/schema\/logo\/image\/","url":"https:\/\/fleetgrid.dk\/wp-content\/uploads\/Design-uden-navn-3-1-scaled.png","contentUrl":"https:\/\/fleetgrid.dk\/wp-content\/uploads\/Design-uden-navn-3-1-scaled.png","width":2048,"height":391,"caption":"FleetGrid"},"image":{"@id":"https:\/\/fleetgrid.dk\/#\/schema\/logo\/image\/"}}]}},"_links":{"self":[{"href":"https:\/\/fleetgrid.dk\/en\/wp-json\/wp\/v2\/pages\/1584","targetHints":{"allow":["GET"]}}],"collection":[{"href":"https:\/\/fleetgrid.dk\/en\/wp-json\/wp\/v2\/pages"}],"about":[{"href":"https:\/\/fleetgrid.dk\/en\/wp-json\/wp\/v2\/types\/page"}],"author":[{"embeddable":true,"href":"https:\/\/fleetgrid.dk\/en\/wp-json\/wp\/v2\/users\/1"}],"replies":[{"embeddable":true,"href":"https:\/\/fleetgrid.dk\/en\/wp-json\/wp\/v2\/comments?post=1584"}],"version-history":[{"count":21,"href":"https:\/\/fleetgrid.dk\/en\/wp-json\/wp\/v2\/pages\/1584\/revisions"}],"predecessor-version":[{"id":4131,"href":"https:\/\/fleetgrid.dk\/en\/wp-json\/wp\/v2\/pages\/1584\/revisions\/4131"}],"wp:attachment":[{"href":"https:\/\/fleetgrid.dk\/en\/wp-json\/wp\/v2\/media?parent=1584"}],"curies":[{"name":"wp","href":"https:\/\/api.w.org\/{rel}","templated":true}]}}