{"id":1579,"date":"2025-07-11T10:55:09","date_gmt":"2025-07-11T08:55:09","guid":{"rendered":"https:\/\/fleetgrid.dk\/?page_id=1579"},"modified":"2025-08-27T12:17:58","modified_gmt":"2025-08-27T10:17:58","slug":"case-studies","status":"publish","type":"page","link":"https:\/\/fleetgrid.dk\/en\/case-studies\/","title":{"rendered":"Case Studies"},"content":{"rendered":"<div data-elementor-type=\"wp-page\" data-elementor-id=\"1579\" class=\"elementor elementor-1579\" data-elementor-post-type=\"page\">\n\t\t\t\t<div class=\"elementor-element elementor-element-ede13ac e-flex e-con-boxed e-con e-parent\" data-id=\"ede13ac\" data-element_type=\"container\" data-e-type=\"container\" data-settings=\"{&quot;jet_parallax_layout_list&quot;:[],&quot;background_background&quot;:&quot;classic&quot;}\">\n\t\t\t\t\t<div class=\"e-con-inner\">\n\t\t<div class=\"elementor-element elementor-element-8a9febd e-con-full e-flex e-con e-child\" data-id=\"8a9febd\" data-element_type=\"container\" data-e-type=\"container\" data-settings=\"{&quot;jet_parallax_layout_list&quot;:[]}\">\n\t\t<div class=\"elementor-element elementor-element-8c95abd e-con-full e-flex elementor-invisible e-con e-child\" data-id=\"8c95abd\" data-element_type=\"container\" data-e-type=\"container\" data-settings=\"{&quot;jet_parallax_layout_list&quot;:[],&quot;animation&quot;:&quot;fadeIn&quot;,&quot;animation_delay&quot;:250}\">\n\t\t\t\t<div class=\"elementor-element elementor-element-ab58c15 elementor-widget elementor-widget-heading\" data-id=\"ab58c15\" data-element_type=\"widget\" data-e-type=\"widget\" data-widget_type=\"heading.default\">\n\t\t\t\t<div class=\"elementor-widget-container\">\n\t\t\t\t\t<h2 class=\"elementor-heading-title elementor-size-default\">Case Studies<\/h2>\t\t\t\t<\/div>\n\t\t\t\t<\/div>\n\t\t\t\t<\/div>\n\t\t<div class=\"elementor-element elementor-element-2484ba0 e-con-full e-flex elementor-invisible e-con e-child\" data-id=\"2484ba0\" data-element_type=\"container\" data-e-type=\"container\" data-settings=\"{&quot;jet_parallax_layout_list&quot;:[],&quot;animation&quot;:&quot;fadeInUp&quot;,&quot;animation_delay&quot;:250}\">\n\t\t\t\t<div class=\"elementor-element elementor-element-8c16440 elementor-widget elementor-widget-heading\" data-id=\"8c16440\" data-element_type=\"widget\" data-e-type=\"widget\" data-widget_type=\"heading.default\">\n\t\t\t\t<div class=\"elementor-widget-container\">\n\t\t\t\t\t<h1 class=\"elementor-heading-title elementor-size-default\">Real results, real businesses<\/h1>\t\t\t\t<\/div>\n\t\t\t\t<\/div>\n\t\t\t\t<div class=\"elementor-element elementor-element-4a3183c elementor-widget elementor-widget-text-editor\" data-id=\"4a3183c\" data-element_type=\"widget\" data-e-type=\"widget\" data-widget_type=\"text-editor.default\">\n\t\t\t\t<div class=\"elementor-widget-container\">\n\t\t\t\t\t\t\t\t\t<p>At FleetGrid, we believe the best way to show our solution\u2019s value is through the companies already using it. Our case studies reveal how businesses have adopted Charging-as-a-Service\u2014and the benefits it\u2019s created for their operations, finances, and green transition.<\/p><p>We share concrete examples of challenges, solutions, and outcomes that show how electrification can be made both simple and effective \u2013 without large investments or technical complexity.<\/p>\t\t\t\t\t\t\t\t<\/div>\n\t\t\t\t<\/div>\n\t\t\t\t<\/div>\n\t\t\t\t<\/div>\n\t\t<div class=\"elementor-element elementor-element-6367b54 e-con-full e-transform e-flex elementor-invisible e-con e-child\" data-id=\"6367b54\" data-element_type=\"container\" data-e-type=\"container\" data-settings=\"{&quot;jet_parallax_layout_list&quot;:[],&quot;background_background&quot;:&quot;classic&quot;,&quot;animation&quot;:&quot;fadeInUp&quot;,&quot;animation_delay&quot;:500,&quot;_transform_translateX_effect&quot;:{&quot;unit&quot;:&quot;px&quot;,&quot;size&quot;:&quot;&quot;,&quot;sizes&quot;:[]},&quot;_transform_translateX_effect_tablet&quot;:{&quot;unit&quot;:&quot;px&quot;,&quot;size&quot;:&quot;&quot;,&quot;sizes&quot;:[]},&quot;_transform_translateX_effect_mobile&quot;:{&quot;unit&quot;:&quot;px&quot;,&quot;size&quot;:&quot;&quot;,&quot;sizes&quot;:[]},&quot;_transform_translateY_effect&quot;:{&quot;unit&quot;:&quot;px&quot;,&quot;size&quot;:&quot;&quot;,&quot;sizes&quot;:[]},&quot;_transform_translateY_effect_tablet&quot;:{&quot;unit&quot;:&quot;px&quot;,&quot;size&quot;:&quot;&quot;,&quot;sizes&quot;:[]},&quot;_transform_translateY_effect_mobile&quot;:{&quot;unit&quot;:&quot;px&quot;,&quot;size&quot;:&quot;&quot;,&quot;sizes&quot;:[]}}\">\n\t\t\t\t<\/div>\n\t\t\t\t\t<\/div>\n\t\t\t\t<\/div>\n\t\t<div class=\"elementor-element elementor-element-aa64984 e-flex e-con-boxed e-con e-parent\" data-id=\"aa64984\" data-element_type=\"container\" data-e-type=\"container\" data-settings=\"{&quot;jet_parallax_layout_list&quot;:[],&quot;background_background&quot;:&quot;classic&quot;}\">\n\t\t\t\t\t<div class=\"e-con-inner\">\n\t\t<div class=\"elementor-element elementor-element-fb22a02 e-con-full e-flex elementor-invisible e-con e-child\" data-id=\"fb22a02\" data-element_type=\"container\" data-e-type=\"container\" data-settings=\"{&quot;background_background&quot;:&quot;classic&quot;,&quot;jet_parallax_layout_list&quot;:[],&quot;animation&quot;:&quot;fadeInUp&quot;,&quot;animation_delay&quot;:250}\">\n\t\t<div class=\"elementor-element elementor-element-02ea5b5 e-con-full e-flex e-con e-child\" data-id=\"02ea5b5\" data-element_type=\"container\" data-e-type=\"container\" data-settings=\"{&quot;jet_parallax_layout_list&quot;:[]}\">\n\t\t\t\t<div class=\"elementor-element elementor-element-c8d678c elementor-widget elementor-widget-heading\" data-id=\"c8d678c\" data-element_type=\"widget\" data-e-type=\"widget\" data-widget_type=\"heading.default\">\n\t\t\t\t<div class=\"elementor-widget-container\">\n\t\t\t\t\t<h2 class=\"elementor-heading-title elementor-size-default\">Case for OK \u2013 From traditional energy to green charging infrastructure<\/h2>\t\t\t\t<\/div>\n\t\t\t\t<\/div>\n\t\t\t\t<div class=\"elementor-element elementor-element-8213ee9 elementor-widget elementor-widget-text-editor\" data-id=\"8213ee9\" data-element_type=\"widget\" data-e-type=\"widget\" data-widget_type=\"text-editor.default\">\n\t\t\t\t<div class=\"elementor-widget-container\">\n\t\t\t\t\t\t\t\t\t<p>For many years, OK has been a central player in energy and mobility in Denmark. With FleetGrid as a partner, OK has now expanded its commitment to the green transition by offering charging infrastructure for heavy transport \u2013 without tying up capital.<\/p><p>The collaboration enables OK to offer its business customers a fully comprehensive solution through Charging-as-a-Service (CaaS), where everything from installation and operation to maintenance and support is included in one fixed price.<br \/>By combining OK\u2019s strong market position with FleetGrid\u2019s scalable solution, we have made it easier for fleet operators and transport companies to take the leap toward electrification.<\/p>\t\t\t\t\t\t\t\t<\/div>\n\t\t\t\t<\/div>\n\t\t\t\t<\/div>\n\t\t<div class=\"elementor-element elementor-element-a75dcdd e-con-full e-flex e-con e-child\" data-id=\"a75dcdd\" data-element_type=\"container\" data-e-type=\"container\" data-settings=\"{&quot;background_background&quot;:&quot;classic&quot;,&quot;jet_parallax_layout_list&quot;:[]}\">\n\t\t\t\t<div class=\"elementor-element elementor-element-46d5b88 elementor-widget elementor-widget-image\" data-id=\"46d5b88\" data-element_type=\"widget\" data-e-type=\"widget\" data-widget_type=\"image.default\">\n\t\t\t\t<div class=\"elementor-widget-container\">\n\t\t\t\t\t\t\t\t\t\t\t\t\t\t\t<img fetchpriority=\"high\" decoding=\"async\" width=\"800\" height=\"356\" src=\"https:\/\/fleetgrid.dk\/wp-content\/uploads\/OK-logo-NEG.png\" class=\"attachment-large size-large wp-image-1945\" alt=\"\" srcset=\"https:\/\/fleetgrid.dk\/wp-content\/uploads\/OK-logo-NEG.png 1000w, https:\/\/fleetgrid.dk\/wp-content\/uploads\/OK-logo-NEG-300x134.png 300w, https:\/\/fleetgrid.dk\/wp-content\/uploads\/OK-logo-NEG-768x342.png 768w\" sizes=\"(max-width: 800px) 100vw, 800px\" \/>\t\t\t\t\t\t\t\t\t\t\t\t\t\t\t<\/div>\n\t\t\t\t<\/div>\n\t\t\t\t<\/div>\n\t\t\t\t<\/div>\n\t\t<div class=\"elementor-element elementor-element-9eb5404 e-con-full e-flex elementor-invisible e-con e-child\" data-id=\"9eb5404\" data-element_type=\"container\" data-e-type=\"container\" data-settings=\"{&quot;background_background&quot;:&quot;classic&quot;,&quot;jet_parallax_layout_list&quot;:[],&quot;animation&quot;:&quot;fadeInUp&quot;,&quot;animation_delay&quot;:250}\">\n\t\t<div class=\"elementor-element elementor-element-9bd1779 e-con-full e-flex e-con e-child\" data-id=\"9bd1779\" data-element_type=\"container\" data-e-type=\"container\" data-settings=\"{&quot;jet_parallax_layout_list&quot;:[]}\">\n\t\t\t\t<div class=\"elementor-element elementor-element-05a50e0 elementor-widget elementor-widget-heading\" data-id=\"05a50e0\" data-element_type=\"widget\" data-e-type=\"widget\" data-widget_type=\"heading.default\">\n\t\t\t\t<div class=\"elementor-widget-container\">\n\t\t\t\t\t<h2 class=\"elementor-heading-title elementor-size-default\">Case for GodEnergi \u2013 Expertise in installation and operation<\/h2>\t\t\t\t<\/div>\n\t\t\t\t<\/div>\n\t\t\t\t<div class=\"elementor-element elementor-element-9db45e0 elementor-widget elementor-widget-text-editor\" data-id=\"9db45e0\" data-element_type=\"widget\" data-e-type=\"widget\" data-widget_type=\"text-editor.default\">\n\t\t\t\t<div class=\"elementor-widget-container\">\n\t\t\t\t\t\t\t\t\t<p>GodEnergi is one of Denmark\u2019s most experienced players in charging infrastructure installation \u2013 and a strategic partner in FleetGrid\u2019s solution.<\/p><p>In collaboration with GodEnergi, we ensure that every customer gets a professional and reliable solution, no matter the complexity of the project.<br \/>GodEnergi st\u00e5r for r\u00e5dgivning, teknisk projektledelse, installation og service \u2013 og bringer dermed b\u00e5de knowhow og h\u00f8j kvalitet ind i FleetGrids Charging-as-a-Service-model.<\/p><p>Their local presence and many years of experience in heavy transport make them a crucial part of delivering solutions that work in practice \u2013 from day one and for the long term.<\/p>\t\t\t\t\t\t\t\t<\/div>\n\t\t\t\t<\/div>\n\t\t\t\t<\/div>\n\t\t<div class=\"elementor-element elementor-element-a15cce7 e-con-full e-flex e-con e-child\" data-id=\"a15cce7\" data-element_type=\"container\" data-e-type=\"container\" data-settings=\"{&quot;background_background&quot;:&quot;classic&quot;,&quot;jet_parallax_layout_list&quot;:[]}\">\n\t\t\t\t<div class=\"elementor-element elementor-element-b4c7b23 elementor-widget elementor-widget-image\" data-id=\"b4c7b23\" data-element_type=\"widget\" data-e-type=\"widget\" data-widget_type=\"image.default\">\n\t\t\t\t<div class=\"elementor-widget-container\">\n\t\t\t\t\t\t\t\t\t\t\t\t\t\t\t<img decoding=\"async\" width=\"421\" height=\"92\" src=\"https:\/\/fleetgrid.dk\/wp-content\/uploads\/GodEnergi_logo-6-hvid.svg\" class=\"attachment-large size-large wp-image-1944\" alt=\"\" \/>\t\t\t\t\t\t\t\t\t\t\t\t\t\t\t<\/div>\n\t\t\t\t<\/div>\n\t\t\t\t<\/div>\n\t\t\t\t<\/div>\n\t\t\t\t\t<\/div>\n\t\t\t\t<\/div>\n\t\t<div class=\"elementor-element elementor-element-f8bcaf3 e-con-full e-flex e-con e-parent\" data-id=\"f8bcaf3\" data-element_type=\"container\" data-e-type=\"container\" data-settings=\"{&quot;jet_parallax_layout_list&quot;:[],&quot;background_background&quot;:&quot;classic&quot;}\">\n\t\t<div class=\"elementor-element elementor-element-d409ec3 e-con-full e-flex e-con e-child\" data-id=\"d409ec3\" data-element_type=\"container\" data-e-type=\"container\" data-settings=\"{&quot;jet_parallax_layout_list&quot;:[]}\">\n\t\t<div class=\"elementor-element elementor-element-2d41da0 e-con-full e-flex e-con e-child\" data-id=\"2d41da0\" data-element_type=\"container\" data-e-type=\"container\" data-settings=\"{&quot;jet_parallax_layout_list&quot;:[]}\">\n\t\t\t\t<div class=\"elementor-element elementor-element-01d3a5f elementor-invisible elementor-widget elementor-widget-heading\" data-id=\"01d3a5f\" data-element_type=\"widget\" data-e-type=\"widget\" data-settings=\"{&quot;_animation&quot;:&quot;fadeIn&quot;,&quot;_animation_delay&quot;:250}\" data-widget_type=\"heading.default\">\n\t\t\t\t<div class=\"elementor-widget-container\">\n\t\t\t\t\t<h5 class=\"elementor-heading-title elementor-size-default\">Do you have any questions?<\/h5>\t\t\t\t<\/div>\n\t\t\t\t<\/div>\n\t\t\t\t<div class=\"elementor-element elementor-element-dcf553e elementor-widget__width-initial elementor-invisible elementor-widget elementor-widget-heading\" data-id=\"dcf553e\" data-element_type=\"widget\" data-e-type=\"widget\" data-settings=\"{&quot;_animation&quot;:&quot;fadeIn&quot;,&quot;_animation_delay&quot;:250}\" data-widget_type=\"heading.default\">\n\t\t\t\t<div class=\"elementor-widget-container\">\n\t\t\t\t\t<h2 class=\"elementor-heading-title elementor-size-default\">Together, we make green transport easier for your business<\/h2>\t\t\t\t<\/div>\n\t\t\t\t<\/div>\n\t\t\t\t<\/div>\n\t\t\t\t<div class=\"elementor-element elementor-element-97cd0a9 elementor-align-center e-transform elementor-invisible elementor-widget elementor-widget-button\" data-id=\"97cd0a9\" data-element_type=\"widget\" data-e-type=\"widget\" data-settings=\"{&quot;_transform_scale_effect_hover&quot;:{&quot;unit&quot;:&quot;px&quot;,&quot;size&quot;:1.05,&quot;sizes&quot;:[]},&quot;_animation&quot;:&quot;fadeInUp&quot;,&quot;_animation_delay&quot;:250,&quot;_transform_scale_effect_hover_tablet&quot;:{&quot;unit&quot;:&quot;px&quot;,&quot;size&quot;:&quot;&quot;,&quot;sizes&quot;:[]},&quot;_transform_scale_effect_hover_mobile&quot;:{&quot;unit&quot;:&quot;px&quot;,&quot;size&quot;:&quot;&quot;,&quot;sizes&quot;:[]}}\" data-widget_type=\"button.default\">\n\t\t\t\t<div class=\"elementor-widget-container\">\n\t\t\t\t\t\t\t\t\t<div class=\"elementor-button-wrapper\">\n\t\t\t\t\t<a class=\"elementor-button elementor-button-link elementor-size-sm\" href=\"https:\/\/fleetgrid.dk\/en\/kontakt-os\/\">\n\t\t\t\t\t\t<span class=\"elementor-button-content-wrapper\">\n\t\t\t\t\t\t\t\t\t<span class=\"elementor-button-text\">Let\u2019s have a talk<\/span>\n\t\t\t\t\t<\/span>\n\t\t\t\t\t<\/a>\n\t\t\t\t<\/div>\n\t\t\t\t\t\t\t\t<\/div>\n\t\t\t\t<\/div>\n\t\t\t\t<\/div>\n\t\t\t\t<\/div>\n\t\t\t\t<\/div>","protected":false},"excerpt":{"rendered":"<p>Case Studies Virkelige resultater, rigtige virksomheder Hos FleetGrid mener vi, at den bedste m\u00e5de at vise v\u00e6rdien af vores l\u00f8sning p\u00e5 er gennem dem, der allerede bruger den. Vores case studies giver indsigt i, hvordan virksomheder har taget Charging-as-a-Service i brug \u2013 og hvilke fordele det har skabt for deres drift, \u00f8konomi og gr\u00f8nne omstilling. [&hellip;]<\/p>\n","protected":false},"author":1,"featured_media":0,"parent":0,"menu_order":0,"comment_status":"closed","ping_status":"closed","template":"","meta":{"footnotes":""},"class_list":["post-1579","page","type-page","status-publish","hentry"],"yoast_head":"<!-- This site is optimized with the Yoast SEO plugin v27.5 - https:\/\/yoast.com\/product\/yoast-seo-wordpress\/ -->\n<title>Case Studies - FleetGrid<\/title>\n<meta name=\"robots\" content=\"index, follow, max-snippet:-1, max-image-preview:large, max-video-preview:-1\" \/>\n<link rel=\"canonical\" href=\"https:\/\/fleetgrid.dk\/en\/case-studies\/\" \/>\n<meta property=\"og:locale\" content=\"en_GB\" \/>\n<meta property=\"og:type\" content=\"article\" \/>\n<meta property=\"og:title\" content=\"Case Studies - FleetGrid\" \/>\n<meta property=\"og:description\" content=\"Case Studies Virkelige resultater, rigtige virksomheder Hos FleetGrid mener vi, at den bedste m\u00e5de at vise v\u00e6rdien af vores l\u00f8sning p\u00e5 er gennem dem, der allerede bruger den. Vores case studies giver indsigt i, hvordan virksomheder har taget Charging-as-a-Service i brug \u2013 og hvilke fordele det har skabt for deres drift, \u00f8konomi og gr\u00f8nne omstilling. [&hellip;]\" \/>\n<meta property=\"og:url\" content=\"https:\/\/fleetgrid.dk\/en\/case-studies\/\" \/>\n<meta property=\"og:site_name\" content=\"FleetGrid\" \/>\n<meta property=\"article:modified_time\" content=\"2025-08-27T10:17:58+00:00\" \/>\n<meta property=\"og:image\" content=\"https:\/\/fleetgrid.dk\/wp-content\/uploads\/OK-logo-NEG.png\" \/>\n\t<meta property=\"og:image:width\" content=\"1000\" \/>\n\t<meta property=\"og:image:height\" content=\"445\" \/>\n\t<meta property=\"og:image:type\" content=\"image\/png\" \/>\n<meta name=\"twitter:card\" content=\"summary_large_image\" \/>\n<meta name=\"twitter:label1\" content=\"Estimated reading time\" \/>\n\t<meta name=\"twitter:data1\" content=\"3 minutes\" \/>\n<script type=\"application\/ld+json\" class=\"yoast-schema-graph\">{\"@context\":\"https:\\\/\\\/schema.org\",\"@graph\":[{\"@type\":\"WebPage\",\"@id\":\"https:\\\/\\\/fleetgrid.dk\\\/case-studies\\\/\",\"url\":\"https:\\\/\\\/fleetgrid.dk\\\/case-studies\\\/\",\"name\":\"Case Studies - FleetGrid\",\"isPartOf\":{\"@id\":\"https:\\\/\\\/fleetgrid.dk\\\/#website\"},\"primaryImageOfPage\":{\"@id\":\"https:\\\/\\\/fleetgrid.dk\\\/case-studies\\\/#primaryimage\"},\"image\":{\"@id\":\"https:\\\/\\\/fleetgrid.dk\\\/case-studies\\\/#primaryimage\"},\"thumbnailUrl\":\"https:\\\/\\\/fleetgrid.dk\\\/wp-content\\\/uploads\\\/OK-logo-NEG.png\",\"datePublished\":\"2025-07-11T08:55:09+00:00\",\"dateModified\":\"2025-08-27T10:17:58+00:00\",\"inLanguage\":\"en-GB\",\"potentialAction\":[{\"@type\":\"ReadAction\",\"target\":[\"https:\\\/\\\/fleetgrid.dk\\\/case-studies\\\/\"]}]},{\"@type\":\"ImageObject\",\"inLanguage\":\"en-GB\",\"@id\":\"https:\\\/\\\/fleetgrid.dk\\\/case-studies\\\/#primaryimage\",\"url\":\"https:\\\/\\\/fleetgrid.dk\\\/wp-content\\\/uploads\\\/OK-logo-NEG.png\",\"contentUrl\":\"https:\\\/\\\/fleetgrid.dk\\\/wp-content\\\/uploads\\\/OK-logo-NEG.png\"},{\"@type\":\"WebSite\",\"@id\":\"https:\\\/\\\/fleetgrid.dk\\\/#website\",\"url\":\"https:\\\/\\\/fleetgrid.dk\\\/\",\"name\":\"FleetGrid\",\"description\":\"\",\"publisher\":{\"@id\":\"https:\\\/\\\/fleetgrid.dk\\\/#organization\"},\"potentialAction\":[{\"@type\":\"SearchAction\",\"target\":{\"@type\":\"EntryPoint\",\"urlTemplate\":\"https:\\\/\\\/fleetgrid.dk\\\/?s={search_term_string}\"},\"query-input\":{\"@type\":\"PropertyValueSpecification\",\"valueRequired\":true,\"valueName\":\"search_term_string\"}}],\"inLanguage\":\"en-GB\"},{\"@type\":\"Organization\",\"@id\":\"https:\\\/\\\/fleetgrid.dk\\\/#organization\",\"name\":\"FleetGrid\",\"url\":\"https:\\\/\\\/fleetgrid.dk\\\/\",\"logo\":{\"@type\":\"ImageObject\",\"inLanguage\":\"en-GB\",\"@id\":\"https:\\\/\\\/fleetgrid.dk\\\/#\\\/schema\\\/logo\\\/image\\\/\",\"url\":\"https:\\\/\\\/fleetgrid.dk\\\/wp-content\\\/uploads\\\/Design-uden-navn-3-1-scaled.png\",\"contentUrl\":\"https:\\\/\\\/fleetgrid.dk\\\/wp-content\\\/uploads\\\/Design-uden-navn-3-1-scaled.png\",\"width\":2048,\"height\":391,\"caption\":\"FleetGrid\"},\"image\":{\"@id\":\"https:\\\/\\\/fleetgrid.dk\\\/#\\\/schema\\\/logo\\\/image\\\/\"}}]}<\/script>\n<!-- \/ Yoast SEO plugin. -->","yoast_head_json":{"title":"Case Studies - FleetGrid","robots":{"index":"index","follow":"follow","max-snippet":"max-snippet:-1","max-image-preview":"max-image-preview:large","max-video-preview":"max-video-preview:-1"},"canonical":"https:\/\/fleetgrid.dk\/en\/case-studies\/","og_locale":"en_GB","og_type":"article","og_title":"Case Studies - FleetGrid","og_description":"Case Studies Virkelige resultater, rigtige virksomheder Hos FleetGrid mener vi, at den bedste m\u00e5de at vise v\u00e6rdien af vores l\u00f8sning p\u00e5 er gennem dem, der allerede bruger den. Vores case studies giver indsigt i, hvordan virksomheder har taget Charging-as-a-Service i brug \u2013 og hvilke fordele det har skabt for deres drift, \u00f8konomi og gr\u00f8nne omstilling. [&hellip;]","og_url":"https:\/\/fleetgrid.dk\/en\/case-studies\/","og_site_name":"FleetGrid","article_modified_time":"2025-08-27T10:17:58+00:00","og_image":[{"width":1000,"height":445,"url":"https:\/\/fleetgrid.dk\/wp-content\/uploads\/OK-logo-NEG.png","type":"image\/png"}],"twitter_card":"summary_large_image","twitter_misc":{"Estimated reading time":"3 minutes"},"schema":{"@context":"https:\/\/schema.org","@graph":[{"@type":"WebPage","@id":"https:\/\/fleetgrid.dk\/case-studies\/","url":"https:\/\/fleetgrid.dk\/case-studies\/","name":"Case Studies - FleetGrid","isPartOf":{"@id":"https:\/\/fleetgrid.dk\/#website"},"primaryImageOfPage":{"@id":"https:\/\/fleetgrid.dk\/case-studies\/#primaryimage"},"image":{"@id":"https:\/\/fleetgrid.dk\/case-studies\/#primaryimage"},"thumbnailUrl":"https:\/\/fleetgrid.dk\/wp-content\/uploads\/OK-logo-NEG.png","datePublished":"2025-07-11T08:55:09+00:00","dateModified":"2025-08-27T10:17:58+00:00","inLanguage":"en-GB","potentialAction":[{"@type":"ReadAction","target":["https:\/\/fleetgrid.dk\/case-studies\/"]}]},{"@type":"ImageObject","inLanguage":"en-GB","@id":"https:\/\/fleetgrid.dk\/case-studies\/#primaryimage","url":"https:\/\/fleetgrid.dk\/wp-content\/uploads\/OK-logo-NEG.png","contentUrl":"https:\/\/fleetgrid.dk\/wp-content\/uploads\/OK-logo-NEG.png"},{"@type":"WebSite","@id":"https:\/\/fleetgrid.dk\/#website","url":"https:\/\/fleetgrid.dk\/","name":"FleetGrid","description":"","publisher":{"@id":"https:\/\/fleetgrid.dk\/#organization"},"potentialAction":[{"@type":"SearchAction","target":{"@type":"EntryPoint","urlTemplate":"https:\/\/fleetgrid.dk\/?s={search_term_string}"},"query-input":{"@type":"PropertyValueSpecification","valueRequired":true,"valueName":"search_term_string"}}],"inLanguage":"en-GB"},{"@type":"Organization","@id":"https:\/\/fleetgrid.dk\/#organization","name":"FleetGrid","url":"https:\/\/fleetgrid.dk\/","logo":{"@type":"ImageObject","inLanguage":"en-GB","@id":"https:\/\/fleetgrid.dk\/#\/schema\/logo\/image\/","url":"https:\/\/fleetgrid.dk\/wp-content\/uploads\/Design-uden-navn-3-1-scaled.png","contentUrl":"https:\/\/fleetgrid.dk\/wp-content\/uploads\/Design-uden-navn-3-1-scaled.png","width":2048,"height":391,"caption":"FleetGrid"},"image":{"@id":"https:\/\/fleetgrid.dk\/#\/schema\/logo\/image\/"}}]}},"_links":{"self":[{"href":"https:\/\/fleetgrid.dk\/en\/wp-json\/wp\/v2\/pages\/1579","targetHints":{"allow":["GET"]}}],"collection":[{"href":"https:\/\/fleetgrid.dk\/en\/wp-json\/wp\/v2\/pages"}],"about":[{"href":"https:\/\/fleetgrid.dk\/en\/wp-json\/wp\/v2\/types\/page"}],"author":[{"embeddable":true,"href":"https:\/\/fleetgrid.dk\/en\/wp-json\/wp\/v2\/users\/1"}],"replies":[{"embeddable":true,"href":"https:\/\/fleetgrid.dk\/en\/wp-json\/wp\/v2\/comments?post=1579"}],"version-history":[{"count":20,"href":"https:\/\/fleetgrid.dk\/en\/wp-json\/wp\/v2\/pages\/1579\/revisions"}],"predecessor-version":[{"id":4064,"href":"https:\/\/fleetgrid.dk\/en\/wp-json\/wp\/v2\/pages\/1579\/revisions\/4064"}],"wp:attachment":[{"href":"https:\/\/fleetgrid.dk\/en\/wp-json\/wp\/v2\/media?parent=1579"}],"curies":[{"name":"wp","href":"https:\/\/api.w.org\/{rel}","templated":true}]}}